{"id":1554,"date":"2020-11-20T17:32:38","date_gmt":"2020-11-20T17:32:38","guid":{"rendered":"https:\/\/www.premafer.com\/?page_id=1554"},"modified":"2025-09-12T11:58:10","modified_gmt":"2025-09-12T09:58:10","slug":"politica-de-cookies","status":"publish","type":"page","link":"https:\/\/www.premafer.com\/fr\/politica-de-cookies\/","title":{"rendered":"Politique sur les cookies"},"content":{"rendered":"<div data-elementor-type=\"wp-page\" data-elementor-id=\"1554\" class=\"elementor elementor-1554\" data-elementor-post-type=\"page\">\n\t\t\t\t<div class=\"elementor-element elementor-element-0652ca9 e-con-full e-flex e-con e-parent\" data-id=\"0652ca9\" data-element_type=\"container\" data-e-type=\"container\" data-settings=\"{&quot;background_background&quot;:&quot;classic&quot;}\">\n\t\t<div class=\"elementor-element elementor-element-94e787c e-flex e-con-boxed e-con e-child\" data-id=\"94e787c\" data-element_type=\"container\" data-e-type=\"container\">\n\t\t\t\t\t<div class=\"e-con-inner\">\n\t\t<div class=\"elementor-element elementor-element-df39763 e-con-full e-flex e-con e-child\" data-id=\"df39763\" data-element_type=\"container\" data-e-type=\"container\">\n\t\t\t\t<div class=\"elementor-element elementor-element-225e558 elementor-widget elementor-widget-heading\" data-id=\"225e558\" data-element_type=\"widget\" data-e-type=\"widget\" data-widget_type=\"heading.default\">\n\t\t\t\t<div class=\"elementor-widget-container\">\n\t\t\t\t\t<h1 class=\"elementor-heading-title elementor-size-default\">Politique sur les cookies<\/h1>\t\t\t\t<\/div>\n\t\t\t\t<\/div>\n\t\t\t\t<\/div>\n\t\t\t\t\t<\/div>\n\t\t\t\t<\/div>\n\t\t\t\t<\/div>\n\t\t<div class=\"elementor-element elementor-element-a84273d e-flex e-con-boxed e-con e-parent\" data-id=\"a84273d\" data-element_type=\"container\" data-e-type=\"container\" data-settings=\"{&quot;background_background&quot;:&quot;classic&quot;}\">\n\t\t\t\t\t<div class=\"e-con-inner\">\n\t\t<div class=\"elementor-element elementor-element-61d9183 e-con-full e-flex e-con e-child\" data-id=\"61d9183\" data-element_type=\"container\" data-e-type=\"container\">\n\t\t\t\t<div class=\"elementor-element elementor-element-bedcef9 elementor-widget elementor-widget-text-editor\" data-id=\"bedcef9\" data-element_type=\"widget\" data-e-type=\"widget\" data-widget_type=\"text-editor.default\">\n\t\t\t\t<div class=\"elementor-widget-container\">\n\t\t\t\t\t\t\t\t\t<p>Nous recueillons et utilisons les informations sur ce site web conform\u00e9ment \u00e0 notre politique de confidentialit\u00e9. L'une des fa\u00e7ons dont nous recueillons des informations est l'utilisation d'une technologie appel\u00e9e \"cookies\". Nous utilisons les cookies pour un certain nombre de raisons.<\/p><h4>Qu'est-ce qu'un cookie ?<\/h4><p>A <em>biscuit<\/em> est une petite quantit\u00e9 de texte stock\u00e9e dans votre navigateur (tel que Chrome de Google ou Safari d'Apple) lorsque vous naviguez sur la plupart des sites web.<\/p><h4>Qu'est-ce qui n'est PAS un biscuit ?<\/h4><p>Il ne s'agit pas d'un virus, d'un cheval de Troie, d'un ver, d'un spam, d'un logiciel espion ou d'une fen\u00eatre contextuelle.<\/p><h4>Quelles informations un cookie stocke-t-il ?<\/h4><p>Les cookies ne stockent g\u00e9n\u00e9ralement pas d'informations sensibles vous concernant, telles que des donn\u00e9es bancaires ou de carte de cr\u00e9dit, des photographies ou des informations personnelles, etc. Les donn\u00e9es qu'ils stockent sont de nature technique, statistiques, pr\u00e9f\u00e9rences personnelles, personnalisation du contenu, etc.<\/p><p>Le serveur web ne vous associe pas \u00e0 une personne, mais \u00e0 votre navigateur web. En fait, si vous naviguez habituellement avec le navigateur Chrome et que vous essayez de naviguer sur le m\u00eame site web avec le navigateur Firefox, vous verrez que le site web ne se rend pas compte que vous \u00eates la m\u00eame personne parce qu'il associe en fait les informations au navigateur, et non \u00e0 la personne.<\/p><h4>Quels sont les types de cookies ?<\/h4><ul><li><strong>Cookies techniques<\/strong>Ce sont les plus \u00e9l\u00e9mentaires et elles permettent, entre autres, de savoir quand un humain ou une application automatis\u00e9e navigue, quand un utilisateur anonyme et un utilisateur enregistr\u00e9 naviguent, des t\u00e2ches de base pour le fonctionnement de tout site web dynamique.<\/li><li><strong>Cookies analytiques<\/strong>Ils recueillent des informations sur le type de navigation que vous effectuez, les rubriques que vous utilisez le plus, les produits consult\u00e9s, l'heure \u00e0 laquelle vous les utilisez, la langue, etc.<\/li><li><strong>Cookies publicitaires<\/strong>Ils affichent de la publicit\u00e9 en fonction de vos habitudes de navigation, de votre pays d'origine, de votre langue, etc.<\/li><\/ul><h4>Qu'est-ce qu'un cookie de premi\u00e8re partie et un cookie de tierce partie ?<\/h4><p>Les cookies de premi\u00e8re partie sont ceux g\u00e9n\u00e9r\u00e9s par le site web que vous visitez et les cookies de tierce partie sont ceux g\u00e9n\u00e9r\u00e9s par des services ou des fournisseurs externes tels que Mailchimp, Mailrelay, Facebook, Twitter, Google adsense, etc.<\/p><h4>Quels sont les cookies utilis\u00e9s par ce site web ?<\/h4><p>Ce site web utilise ses propres cookies et ceux de tiers. Les cookies suivants sont utilis\u00e9s sur ce site web et sont d\u00e9taill\u00e9s ci-dessous :<\/p><h6><strong>Les propres biscuits :<\/strong><\/h6><p>Liste des cookies :<\/p><p><strong>Connexion<\/strong>Les cookies de connexion vous permettent de vous connecter et de vous d\u00e9connecter de votre compte Premafer.<\/p><p><strong>Personnalisation<\/strong>Les cookies nous aident \u00e0 nous souvenir des personnes ou des sites web avec lesquels vous avez interagi, afin que nous puissions vous montrer des contenus connexes.<\/p><p><strong>Pr\u00e9f\u00e9rences<\/strong>Les cookies nous permettent de m\u00e9moriser vos param\u00e8tres et pr\u00e9f\u00e9rences, tels que votre langue pr\u00e9f\u00e9r\u00e9e et vos param\u00e8tres de confidentialit\u00e9.<\/p><p><strong>S\u00e9curit\u00e9<\/strong>Nous utilisons des cookies pour \u00e9viter les risques de s\u00e9curit\u00e9. Principalement pour d\u00e9tecter si quelqu'un essaie de pirater votre compte Premafer.<\/p><h6><strong>Cookies de tiers<\/strong><\/h6><p>Ce site utilise des services d'analyse, en particulier Google Analytics, pour aider le site \u00e0 analyser l'utilisation faite par les utilisateurs du site et \u00e0 en am\u00e9liorer la convivialit\u00e9, mais ils ne sont en aucun cas associ\u00e9s \u00e0 des donn\u00e9es qui pourraient permettre d'identifier l'utilisateur. Google Analytics est un service d'analyse de site internet fourni par Google, Inc. <a href=\"https:\/\/www.google.es\/intl\/es\/policies\/technologies\/types\/\" target=\"_blank\" rel=\"noopener\">ici<\/a> le type de cookies utilis\u00e9s par Google.<\/p><p>Les cookies de m\u00e9dias sociaux peuvent \u00eatre stock\u00e9s dans votre navigateur pendant que vous naviguez sur https:\/\/www.premafer.com, par exemple lorsque vous utilisez le bouton de partage de https:\/\/www.premafer.com sur un r\u00e9seau social.<\/p><p>Vous trouverez ci-dessous des informations sur les cookies des r\u00e9seaux sociaux utilis\u00e9s par ce site web dans leurs propres politiques en mati\u00e8re de cookies :<\/p><ul><li><strong>Cookies Facebook<\/strong>Pour plus d'informations, voir leur <a href=\"https:\/\/www.facebook.com\/policies\/cookies\/\" target=\"_blank\" rel=\"noopener\">politique en mati\u00e8re de cookies<\/a><\/li><li><strong>Cookies Linkedin<\/strong>Pour plus d'informations, voir leur <a href=\"https:\/\/www.linkedin.com\/legal\/cookie-policy?trk=hp-cookies\" target=\"_blank\" rel=\"noopener\">politique en mati\u00e8re de cookies<\/a><\/li><li><strong>Cookies Twitter<\/strong>Pour plus d'informations, voir leur <a href=\"https:\/\/twitter.com\/privacy\" target=\"_blank\" rel=\"noopener\">politique en mati\u00e8re de cookies<\/a><\/li><\/ul><h4>Les cookies peuvent-ils \u00eatre supprim\u00e9s ?<\/h4><p>Oui, et non seulement supprimer, mais aussi bloquer, soit de mani\u00e8re g\u00e9n\u00e9rale, soit pour un domaine sp\u00e9cifique.<\/p><p>Pour supprimer les cookies d'un site web, vous devez aller dans les param\u00e8tres de votre navigateur et vous pouvez y rechercher les cookies associ\u00e9s au domaine en question et les supprimer.<\/p><ul><li>Param\u00e8tres des cookies pour <a href=\"http:\/\/support.google.com\/chrome\/bin\/answer.py?hl=es&amp;answer=95647\" target=\"_blank\" rel=\"noopener\">Google Chrome<\/a><\/li><li>Param\u00e8tres des cookies pour <a href=\"https:\/\/support.apple.com\/es-es\/HT201265\" target=\"_blank\" rel=\"noopener\">Apple Safari<\/a><\/li><li>Param\u00e8tres des cookies pour <a href=\"https:\/\/support.microsoft.com\/en-us\/help\/17442\/windows-internet-explorer-delete-manage-cookies#ie=ie-10\" target=\"_blank\" rel=\"noopener\">Internet Explorer<\/a><\/li><li>Param\u00e8tres des cookies pour <a href=\"https:\/\/support.mozilla.org\/es\/kb\/habilitar-y-deshabilitar-cookies-sitios-web-rastrear-preferencias?redirectlocale=es&amp;redirectslug=habilitar-y-deshabilitar-cookies-que-los-sitios-we\" target=\"_blank\" rel=\"noopener\">Mozilla Firefox<\/a><\/li><\/ul><h4>Plus d'informations sur les cookies<\/h4><p>Vous pouvez consulter la r\u00e9glementation sur les cookies publi\u00e9e par l'Agence espagnole de protection des donn\u00e9es dans son \"Guide sur l'utilisation des cookies\" et obtenir plus d'informations sur les cookies sur Internet, <a href=\"http:\/\/www.aboutcookies.org\/\" target=\"_blank\" rel=\"noopener\">http:\/\/www.aboutcookies.org\/<\/a>.<\/p><p>Si vous souhaitez mieux contr\u00f4ler l'installation des cookies, vous pouvez installer des programmes ou des modules compl\u00e9mentaires \u00e0 votre navigateur, connus sous le nom d'outils \"Do Not Track\", qui vous permettront de choisir les cookies que vous souhaitez autoriser.<\/p>\t\t\t\t\t\t\t\t<\/div>\n\t\t\t\t<\/div>\n\t\t\t\t<\/div>\n\t\t\t\t\t<\/div>\n\t\t\t\t<\/div>\n\t\t\t\t<\/div>","protected":false},"excerpt":{"rendered":"<p>Pol\u00edtica de cookies En esta web recopilamos y utilizamos la informaci\u00f3n seg\u00fan indicamos en nuestra pol\u00edtica de privacidad. Una de&#8230;<\/p>","protected":false},"author":1,"featured_media":0,"parent":0,"menu_order":0,"comment_status":"closed","ping_status":"closed","template":"elementor_header_footer","meta":{"_acf_changed":false,"footnotes":""},"class_list":["post-1554","page","type-page","status-publish","hentry"],"acf":[],"_links":{"self":[{"href":"https:\/\/www.premafer.com\/fr\/wp-json\/wp\/v2\/pages\/1554","targetHints":{"allow":["GET"]}}],"collection":[{"href":"https:\/\/www.premafer.com\/fr\/wp-json\/wp\/v2\/pages"}],"about":[{"href":"https:\/\/www.premafer.com\/fr\/wp-json\/wp\/v2\/types\/page"}],"author":[{"embeddable":true,"href":"https:\/\/www.premafer.com\/fr\/wp-json\/wp\/v2\/users\/1"}],"replies":[{"embeddable":true,"href":"https:\/\/www.premafer.com\/fr\/wp-json\/wp\/v2\/comments?post=1554"}],"version-history":[{"count":35,"href":"https:\/\/www.premafer.com\/fr\/wp-json\/wp\/v2\/pages\/1554\/revisions"}],"predecessor-version":[{"id":2968,"href":"https:\/\/www.premafer.com\/fr\/wp-json\/wp\/v2\/pages\/1554\/revisions\/2968"}],"wp:attachment":[{"href":"https:\/\/www.premafer.com\/fr\/wp-json\/wp\/v2\/media?parent=1554"}],"curies":[{"name":"wp","href":"https:\/\/api.w.org\/{rel}","templated":true}]}}